{"id":3781,"date":"2023-06-29T13:04:27","date_gmt":"2023-06-29T11:04:27","guid":{"rendered":"https:\/\/pre.onizea.com\/?page_id=3781"},"modified":"2026-03-18T13:30:28","modified_gmt":"2026-03-18T11:30:28","slug":"avis-legal","status":"publish","type":"page","link":"https:\/\/onizea.com\/ca\/avis-legal\/","title":{"rendered":"Av\u00eds Legal"},"content":{"rendered":"\n<style type=\"text\/css\" data-created_by=\"avia_inline_auto\" id=\"style-css-av-4jnpok-ae435ddbc6155957e03bd82d883d6708\">\n.avia-section.av-4jnpok-ae435ddbc6155957e03bd82d883d6708{\nbackground-color:#f2f2f2;\nbackground-image:unset;\n}\n<\/style>\n<div id='header_banner'  class='avia-section av-4jnpok-ae435ddbc6155957e03bd82d883d6708 main_color avia-section-default avia-no-border-styling  avia-builder-el-0  avia-builder-el-no-sibling  avia-bg-style-scroll container_wrap sidebar_right'  ><div class='container av-section-cont-open' ><main  role=\"main\" itemprop=\"mainContentOfPage\"  class='template-page content  av-content-small alpha units'><div class='post-entry post-entry-type-page post-entry-3781'><div class='entry-content-wrapper clearfix'>\n<div  id=\"header_banner_breadcrumbs\"  class='flex_column av-ljeh90k0-74471b0558ae449e113e3945fe561e30 av_one_full  avia-builder-el-1  el_before_av_textblock  avia-builder-el-first  first flex_column_div  '     ><section  class='av_textblock_section av-lje3sxyy-0e8d4901e8c38a18dce507d556326949 '   itemscope=\"itemscope\" itemtype=\"https:\/\/schema.org\/CreativeWork\" ><div class='avia_textblock'  itemprop=\"text\" ><div class=\"breadcrumb breadcrumbs avia-breadcrumbs\"><div class=\"breadcrumb-trail\" ><span  itemscope=\"itemscope\" itemtype=\"https:\/\/schema.org\/BreadcrumbList\" ><span  itemscope=\"itemscope\" itemtype=\"https:\/\/schema.org\/ListItem\" itemprop=\"itemListElement\" ><a itemprop=\"url\" href=\"https:\/\/onizea.com\/ca\/\" title=\"Onizea\" rel=\"home\" class=\"trail-begin\"><span itemprop=\"name\">Inici<\/span><\/a><span itemprop=\"position\" class=\"hidden\">1<\/span><\/span><\/span><\/div><\/div>\n<\/div><\/section><\/div><section  class='av_textblock_section av-lmgnq023-c58aec2e17b4e64eeafaa95fe5632658 '   itemscope=\"itemscope\" itemtype=\"https:\/\/schema.org\/CreativeWork\" ><div class='avia_textblock'  itemprop=\"text\" ><p>Benvingut\/da a la p\u00e0gina web <strong>d&#8217;Onizea<\/strong>. A continuaci\u00f3, s&#8217;enumeren els aspectes legals que regeixen l&#8217;\u00fas d&#8217;aquest lloc.<\/p>\n<h2>Dades de l&#8217;empresa<\/h2>\n<p>Nom comercial: Onizea<br \/>\nRa\u00f3 social: ONIZEA TECH, S.L.<br \/>\nCIF: B72719784<br \/>\nDomicili social: Carrer Casp 97, 08013 Barcelona<br \/>\nTel\u00e8fon: 93 240 84 78<br \/>\nEmail: info@onizea.com<\/p>\n<h2>Propietat intel\u00b7lectual<\/h2>\n<p>Tots els drets de propietat intel\u00b7lectual d&#8217;aquest lloc web i el seu contingut pertanyen a <strong>Onizea<\/strong> o a tercers autoritzats. Queda prohibida qualsevol reproducci\u00f3, distribuci\u00f3, comunicaci\u00f3 p\u00fablica o modificaci\u00f3 sense el consentiment expr\u00e9s de l&#8217;empresa.<\/p>\n<h2>Responsabilitat<\/h2>\n<p><strong>Onizea<\/strong> no es fa responsable per l&#8217;\u00fas inadequat o il\u00b7l\u00edcit de la informaci\u00f3 o serveis oferts en aquest lloc web. Tampoc es garanteix la disponibilitat, continu\u00eftat o infal\u00b7libilitat del funcionament del lloc.<\/p>\n<h2>Enlla\u00e7os externs<\/h2>\n<p>Aquest lloc web pot contenir enlla\u00e7os a p\u00e0gines de tercers. <strong>Onizea<\/strong> no exerceix control sobre aquests llocs i no es responsabilitza del seu contingut o pr\u00e0ctiques de privacitat.  La inclusi\u00f3 d&#8217;aquests enlla\u00e7os no implica cap associaci\u00f3, aprovaci\u00f3 o suport per part <strong>d&#8217;Onizea.<\/strong><\/p>\n<h2>Protecci\u00f3 de dades personals<\/h2>\n<p><strong>Onizea<\/strong> compleix amb la normativa vigent en mat\u00e8ria de protecci\u00f3 de dades personals. Per obtenir m\u00e9s informaci\u00f3, consulta la nostra <a href=\"https:\/\/onizea.com\/ca\/politica-de-privacitat\/\">Pol\u00edtica de Privacitat<\/a>.<\/p>\n<p>Si tens alguna pregunta o consulta sobre aquest Av\u00eds Legal, si us plau, posa&#8217;t en contacte amb nosaltres a trav\u00e9s de les dades de contacte proporcionades anteriorment.<\/p>\n<\/div><\/section>\n<\/div><\/div><\/main><!-- close content main element --><\/div><\/div><div id='after_section_1'  class='main_color av_default_container_wrap container_wrap sidebar_right'  ><div class='container av-section-cont-open' ><div class='template-page content  av-content-small alpha units'><div class='post-entry post-entry-type-page post-entry-3781'><div class='entry-content-wrapper clearfix'>\n","protected":false},"excerpt":{"rendered":"","protected":false},"author":2,"featured_media":0,"parent":0,"menu_order":0,"comment_status":"closed","ping_status":"open","template":"","meta":{"footnotes":""},"class_list":["post-3781","page","type-page","status-publish","hentry"],"yoast_head":"<!-- This site is optimized with the Yoast SEO plugin v26.4 - https:\/\/yoast.com\/wordpress\/plugins\/seo\/ -->\n<title>Av\u00eds Legal - Onizea<\/title>\n<meta name=\"robots\" content=\"noindex, follow\" \/>\n<meta property=\"og:locale\" content=\"ca_ES\" \/>\n<meta property=\"og:type\" content=\"article\" \/>\n<meta property=\"og:title\" content=\"Av\u00eds Legal - Onizea\" \/>\n<meta property=\"og:url\" content=\"https:\/\/onizea.com\/ca\/avis-legal\/\" \/>\n<meta property=\"og:site_name\" content=\"Onizea\" \/>\n<meta property=\"article:modified_time\" content=\"2026-03-18T11:30:28+00:00\" \/>\n<meta name=\"twitter:card\" content=\"summary_large_image\" \/>\n<meta name=\"twitter:label1\" content=\"Temps estimat de lectura\" \/>\n\t<meta name=\"twitter:data1\" content=\"4 minuts\" \/>\n<script type=\"application\/ld+json\" class=\"yoast-schema-graph\">{\"@context\":\"https:\/\/schema.org\",\"@graph\":[{\"@type\":\"WebPage\",\"@id\":\"https:\/\/onizea.com\/ca\/avis-legal\/\",\"url\":\"https:\/\/onizea.com\/ca\/avis-legal\/\",\"name\":\"Av\u00eds Legal - Onizea\",\"isPartOf\":{\"@id\":\"https:\/\/onizea.com\/ca\/#website\"},\"datePublished\":\"2023-06-29T11:04:27+00:00\",\"dateModified\":\"2026-03-18T11:30:28+00:00\",\"breadcrumb\":{\"@id\":\"https:\/\/onizea.com\/ca\/avis-legal\/#breadcrumb\"},\"inLanguage\":\"ca\",\"potentialAction\":[{\"@type\":\"ReadAction\",\"target\":[\"https:\/\/onizea.com\/ca\/avis-legal\/\"]}]},{\"@type\":\"BreadcrumbList\",\"@id\":\"https:\/\/onizea.com\/ca\/avis-legal\/#breadcrumb\",\"itemListElement\":[{\"@type\":\"ListItem\",\"position\":1,\"name\":\"Portada\",\"item\":\"https:\/\/onizea.com\/ca\/homepage\/\"},{\"@type\":\"ListItem\",\"position\":2,\"name\":\"Av\u00eds Legal\"}]},{\"@type\":\"WebSite\",\"@id\":\"https:\/\/onizea.com\/ca\/#website\",\"url\":\"https:\/\/onizea.com\/ca\/\",\"name\":\"Onizea\",\"description\":\"Crazy about Technology\",\"publisher\":{\"@id\":\"https:\/\/onizea.com\/ca\/#organization\"},\"potentialAction\":[{\"@type\":\"SearchAction\",\"target\":{\"@type\":\"EntryPoint\",\"urlTemplate\":\"https:\/\/onizea.com\/ca\/?s={search_term_string}\"},\"query-input\":{\"@type\":\"PropertyValueSpecification\",\"valueRequired\":true,\"valueName\":\"search_term_string\"}}],\"inLanguage\":\"ca\"},{\"@type\":\"Organization\",\"@id\":\"https:\/\/onizea.com\/ca\/#organization\",\"name\":\"Onizea\",\"url\":\"https:\/\/onizea.com\/ca\/\",\"logo\":{\"@type\":\"ImageObject\",\"inLanguage\":\"ca\",\"@id\":\"https:\/\/onizea.com\/ca\/#\/schema\/logo\/image\/\",\"url\":\"https:\/\/pre.onizea.com\/wp-content\/uploads\/2023\/06\/AF-ONIZEA-Logotipo-RGB.png\",\"contentUrl\":\"https:\/\/pre.onizea.com\/wp-content\/uploads\/2023\/06\/AF-ONIZEA-Logotipo-RGB.png\",\"width\":730,\"height\":156,\"caption\":\"Onizea\"},\"image\":{\"@id\":\"https:\/\/onizea.com\/ca\/#\/schema\/logo\/image\/\"}}]}<\/script>\n<!-- \/ Yoast SEO plugin. -->","yoast_head_json":{"title":"Av\u00eds Legal - Onizea","robots":{"index":"noindex","follow":"follow"},"og_locale":"ca_ES","og_type":"article","og_title":"Av\u00eds Legal - Onizea","og_url":"https:\/\/onizea.com\/ca\/avis-legal\/","og_site_name":"Onizea","article_modified_time":"2026-03-18T11:30:28+00:00","twitter_card":"summary_large_image","twitter_misc":{"Temps estimat de lectura":"4 minuts"},"schema":{"@context":"https:\/\/schema.org","@graph":[{"@type":"WebPage","@id":"https:\/\/onizea.com\/ca\/avis-legal\/","url":"https:\/\/onizea.com\/ca\/avis-legal\/","name":"Av\u00eds Legal - Onizea","isPartOf":{"@id":"https:\/\/onizea.com\/ca\/#website"},"datePublished":"2023-06-29T11:04:27+00:00","dateModified":"2026-03-18T11:30:28+00:00","breadcrumb":{"@id":"https:\/\/onizea.com\/ca\/avis-legal\/#breadcrumb"},"inLanguage":"ca","potentialAction":[{"@type":"ReadAction","target":["https:\/\/onizea.com\/ca\/avis-legal\/"]}]},{"@type":"BreadcrumbList","@id":"https:\/\/onizea.com\/ca\/avis-legal\/#breadcrumb","itemListElement":[{"@type":"ListItem","position":1,"name":"Portada","item":"https:\/\/onizea.com\/ca\/homepage\/"},{"@type":"ListItem","position":2,"name":"Av\u00eds Legal"}]},{"@type":"WebSite","@id":"https:\/\/onizea.com\/ca\/#website","url":"https:\/\/onizea.com\/ca\/","name":"Onizea","description":"Crazy about Technology","publisher":{"@id":"https:\/\/onizea.com\/ca\/#organization"},"potentialAction":[{"@type":"SearchAction","target":{"@type":"EntryPoint","urlTemplate":"https:\/\/onizea.com\/ca\/?s={search_term_string}"},"query-input":{"@type":"PropertyValueSpecification","valueRequired":true,"valueName":"search_term_string"}}],"inLanguage":"ca"},{"@type":"Organization","@id":"https:\/\/onizea.com\/ca\/#organization","name":"Onizea","url":"https:\/\/onizea.com\/ca\/","logo":{"@type":"ImageObject","inLanguage":"ca","@id":"https:\/\/onizea.com\/ca\/#\/schema\/logo\/image\/","url":"https:\/\/pre.onizea.com\/wp-content\/uploads\/2023\/06\/AF-ONIZEA-Logotipo-RGB.png","contentUrl":"https:\/\/pre.onizea.com\/wp-content\/uploads\/2023\/06\/AF-ONIZEA-Logotipo-RGB.png","width":730,"height":156,"caption":"Onizea"},"image":{"@id":"https:\/\/onizea.com\/ca\/#\/schema\/logo\/image\/"}}]}},"_links":{"self":[{"href":"https:\/\/onizea.com\/ca\/wp-json\/wp\/v2\/pages\/3781","targetHints":{"allow":["GET"]}}],"collection":[{"href":"https:\/\/onizea.com\/ca\/wp-json\/wp\/v2\/pages"}],"about":[{"href":"https:\/\/onizea.com\/ca\/wp-json\/wp\/v2\/types\/page"}],"author":[{"embeddable":true,"href":"https:\/\/onizea.com\/ca\/wp-json\/wp\/v2\/users\/2"}],"replies":[{"embeddable":true,"href":"https:\/\/onizea.com\/ca\/wp-json\/wp\/v2\/comments?post=3781"}],"version-history":[{"count":13,"href":"https:\/\/onizea.com\/ca\/wp-json\/wp\/v2\/pages\/3781\/revisions"}],"predecessor-version":[{"id":23110,"href":"https:\/\/onizea.com\/ca\/wp-json\/wp\/v2\/pages\/3781\/revisions\/23110"}],"wp:attachment":[{"href":"https:\/\/onizea.com\/ca\/wp-json\/wp\/v2\/media?parent=3781"}],"curies":[{"name":"wp","href":"https:\/\/api.w.org\/{rel}","templated":true}]}}